{"id":225,"date":"2023-11-28T14:24:16","date_gmt":"2023-11-28T13:24:16","guid":{"rendered":"https:\/\/www.chaletlatrafolee.com\/equipements-et-services\/"},"modified":"2024-07-06T16:40:18","modified_gmt":"2024-07-06T14:40:18","slug":"facilities-and-services","status":"publish","type":"page","link":"https:\/\/www.chaletlatrafolee.com\/en\/facilities-and-services\/","title":{"rendered":"Facilities and services"},"content":{"rendered":"<p>The La Trafol\u00e9e chalet is a tourist rental where, after our welcome on the day of arrival, you will be <strong>self-sufficient<\/strong> throughout your stay.<\/p>\n<p>Please note that in winter, the chalet is isolated: travels to the resort&#8217;s shops (200m away) or to your car (300m away) will be done using snowshoes, or skis (during the resort&#8217;s opening hours).<\/p>\n<p><span data-sheets-root=\"1\" data-sheets-value=\"{&quot;1&quot;:2,&quot;2&quot;:&quot;Le chalet La Trafol\u00e9e est un meubl\u00e9 de tourisme o\u00f9, apr\u00e8s notre accueil le jour d'arriv\u00e9e, vous serez autonomes pendant la dur\u00e9e de votre s\u00e9jour. Notez bien qu'en hiver, le chalet est isol\u00e9 : les d\u00e9placements jusqu'aux commerces de la station (\u00e0 200m) ou jusqu'\u00e0 votre voiture (300m) se feront \u00e0 raquettes \u00e0 neige, ou \u00e0 ski (pendant les horaires d'ouverture de la station).\\n&quot;}\" data-sheets-userformat=\"{&quot;2&quot;:15359,&quot;3&quot;:{&quot;1&quot;:0},&quot;4&quot;:{&quot;1&quot;:2,&quot;2&quot;:14281427},&quot;5&quot;:{&quot;1&quot;:[{&quot;1&quot;:2,&quot;2&quot;:0,&quot;5&quot;:{&quot;1&quot;:2,&quot;2&quot;:0}},{&quot;1&quot;:0,&quot;2&quot;:0,&quot;3&quot;:3},{&quot;1&quot;:1,&quot;2&quot;:0,&quot;4&quot;:1}]},&quot;6&quot;:{&quot;1&quot;:[{&quot;1&quot;:2,&quot;2&quot;:0,&quot;5&quot;:{&quot;1&quot;:2,&quot;2&quot;:0}},{&quot;1&quot;:0,&quot;2&quot;:0,&quot;3&quot;:3},{&quot;1&quot;:1,&quot;2&quot;:0,&quot;4&quot;:1}]},&quot;7&quot;:{&quot;1&quot;:[{&quot;1&quot;:2,&quot;2&quot;:0,&quot;5&quot;:{&quot;1&quot;:2,&quot;2&quot;:0}},{&quot;1&quot;:0,&quot;2&quot;:0,&quot;3&quot;:3},{&quot;1&quot;:1,&quot;2&quot;:0,&quot;4&quot;:1}]},&quot;8&quot;:{&quot;1&quot;:[{&quot;1&quot;:2,&quot;2&quot;:0,&quot;5&quot;:{&quot;1&quot;:2,&quot;2&quot;:0}},{&quot;1&quot;:0,&quot;2&quot;:0,&quot;3&quot;:3},{&quot;1&quot;:1,&quot;2&quot;:0,&quot;4&quot;:1}]},&quot;9&quot;:0,&quot;10&quot;:1,&quot;11&quot;:4,&quot;12&quot;:0,&quot;14&quot;:{&quot;1&quot;:2,&quot;2&quot;:0},&quot;15&quot;:&quot;Calibri&quot;,&quot;16&quot;:12}\">\u00a0<\/span><\/p>\n","protected":false},"excerpt":{"rendered":"<p>The La Trafol\u00e9e chalet is a tourist rental where, after our welcome on the day of arrival, you will be self-sufficient throughout your stay. Please note that in winter, the chalet is isolated: travels to the resort&#8217;s shops (200m away) or to your car (300m away) will be done using snowshoes, or skis (during the [&hellip;]<\/p>\n","protected":false},"author":27,"featured_media":0,"parent":0,"menu_order":0,"comment_status":"closed","ping_status":"closed","template":"template-services.php","meta":{"footnotes":""},"class_list":["post-225","page","type-page","status-publish","hentry"],"yoast_head":"<!-- This site is optimized with the Yoast SEO plugin v27.3 - https:\/\/yoast.com\/product\/yoast-seo-wordpress\/ -->\n<title>List of amenities and services for the 4-star chalet rental La Trafol\u00e9e.<\/title>\n<meta name=\"description\" content=\"List of provided amenities at La Trafol\u00e9e chalet in Manigod (Aravis mountain range): welcome, luggage transport in winter, cleaning on arrival day, free wifi, ski \/ mountain bike storage room, geothermal heating, pellet stove, snowshoes...\" \/>\n<meta name=\"robots\" content=\"index, follow, max-snippet:-1, max-image-preview:large, max-video-preview:-1\" \/>\n<link rel=\"canonical\" href=\"https:\/\/www.chaletlatrafolee.com\/en\/facilities-and-services\/\" \/>\n<meta property=\"og:locale\" content=\"en_US\" \/>\n<meta property=\"og:type\" content=\"article\" \/>\n<meta property=\"og:title\" content=\"List of amenities and services for the 4-star chalet rental La Trafol\u00e9e.\" \/>\n<meta property=\"og:description\" content=\"List of provided amenities at La Trafol\u00e9e chalet in Manigod (Aravis mountain range): welcome, luggage transport in winter, cleaning on arrival day, free wifi, ski \/ mountain bike storage room, geothermal heating, pellet stove, snowshoes...\" \/>\n<meta property=\"og:url\" content=\"https:\/\/www.chaletlatrafolee.com\/en\/facilities-and-services\/\" \/>\n<meta property=\"og:site_name\" content=\"Chalet La Trafol\u00e9e\" \/>\n<meta property=\"article:modified_time\" content=\"2024-07-06T14:40:18+00:00\" \/>\n<meta name=\"twitter:card\" content=\"summary_large_image\" \/>\n<meta name=\"twitter:label1\" content=\"Est. reading time\" \/>\n\t<meta name=\"twitter:data1\" content=\"1 minute\" \/>\n<script type=\"application\/ld+json\" class=\"yoast-schema-graph\">{\"@context\":\"https:\\\/\\\/schema.org\",\"@graph\":[{\"@type\":\"WebPage\",\"@id\":\"https:\\\/\\\/www.chaletlatrafolee.com\\\/en\\\/facilities-and-services\\\/\",\"url\":\"https:\\\/\\\/www.chaletlatrafolee.com\\\/en\\\/facilities-and-services\\\/\",\"name\":\"List of amenities and services for the 4-star chalet rental La Trafol\u00e9e.\",\"isPartOf\":{\"@id\":\"https:\\\/\\\/www.chaletlatrafolee.com\\\/en\\\/#website\"},\"datePublished\":\"2023-11-28T13:24:16+00:00\",\"dateModified\":\"2024-07-06T14:40:18+00:00\",\"description\":\"List of provided amenities at La Trafol\u00e9e chalet in Manigod (Aravis mountain range): welcome, luggage transport in winter, cleaning on arrival day, free wifi, ski \\\/ mountain bike storage room, geothermal heating, pellet stove, snowshoes...\",\"breadcrumb\":{\"@id\":\"https:\\\/\\\/www.chaletlatrafolee.com\\\/en\\\/facilities-and-services\\\/#breadcrumb\"},\"inLanguage\":\"en-US\",\"potentialAction\":[{\"@type\":\"ReadAction\",\"target\":[\"https:\\\/\\\/www.chaletlatrafolee.com\\\/en\\\/facilities-and-services\\\/\"]}]},{\"@type\":\"BreadcrumbList\",\"@id\":\"https:\\\/\\\/www.chaletlatrafolee.com\\\/en\\\/facilities-and-services\\\/#breadcrumb\",\"itemListElement\":[{\"@type\":\"ListItem\",\"position\":1,\"name\":\"Accueil\",\"item\":\"https:\\\/\\\/www.chaletlatrafolee.com\\\/en\\\/\"},{\"@type\":\"ListItem\",\"position\":2,\"name\":\"Facilities and services\"}]},{\"@type\":\"WebSite\",\"@id\":\"https:\\\/\\\/www.chaletlatrafolee.com\\\/en\\\/#website\",\"url\":\"https:\\\/\\\/www.chaletlatrafolee.com\\\/en\\\/\",\"name\":\"Chalet La Trafol\u00e9e\",\"description\":\"\",\"potentialAction\":[{\"@type\":\"SearchAction\",\"target\":{\"@type\":\"EntryPoint\",\"urlTemplate\":\"https:\\\/\\\/www.chaletlatrafolee.com\\\/en\\\/?s={search_term_string}\"},\"query-input\":{\"@type\":\"PropertyValueSpecification\",\"valueRequired\":true,\"valueName\":\"search_term_string\"}}],\"inLanguage\":\"en-US\"}]}<\/script>\n<!-- \/ Yoast SEO plugin. -->","yoast_head_json":{"title":"List of amenities and services for the 4-star chalet rental La Trafol\u00e9e.","description":"List of provided amenities at La Trafol\u00e9e chalet in Manigod (Aravis mountain range): welcome, luggage transport in winter, cleaning on arrival day, free wifi, ski \/ mountain bike storage room, geothermal heating, pellet stove, snowshoes...","robots":{"index":"index","follow":"follow","max-snippet":"max-snippet:-1","max-image-preview":"max-image-preview:large","max-video-preview":"max-video-preview:-1"},"canonical":"https:\/\/www.chaletlatrafolee.com\/en\/facilities-and-services\/","og_locale":"en_US","og_type":"article","og_title":"List of amenities and services for the 4-star chalet rental La Trafol\u00e9e.","og_description":"List of provided amenities at La Trafol\u00e9e chalet in Manigod (Aravis mountain range): welcome, luggage transport in winter, cleaning on arrival day, free wifi, ski \/ mountain bike storage room, geothermal heating, pellet stove, snowshoes...","og_url":"https:\/\/www.chaletlatrafolee.com\/en\/facilities-and-services\/","og_site_name":"Chalet La Trafol\u00e9e","article_modified_time":"2024-07-06T14:40:18+00:00","twitter_card":"summary_large_image","twitter_misc":{"Est. reading time":"1 minute"},"schema":{"@context":"https:\/\/schema.org","@graph":[{"@type":"WebPage","@id":"https:\/\/www.chaletlatrafolee.com\/en\/facilities-and-services\/","url":"https:\/\/www.chaletlatrafolee.com\/en\/facilities-and-services\/","name":"List of amenities and services for the 4-star chalet rental La Trafol\u00e9e.","isPartOf":{"@id":"https:\/\/www.chaletlatrafolee.com\/en\/#website"},"datePublished":"2023-11-28T13:24:16+00:00","dateModified":"2024-07-06T14:40:18+00:00","description":"List of provided amenities at La Trafol\u00e9e chalet in Manigod (Aravis mountain range): welcome, luggage transport in winter, cleaning on arrival day, free wifi, ski \/ mountain bike storage room, geothermal heating, pellet stove, snowshoes...","breadcrumb":{"@id":"https:\/\/www.chaletlatrafolee.com\/en\/facilities-and-services\/#breadcrumb"},"inLanguage":"en-US","potentialAction":[{"@type":"ReadAction","target":["https:\/\/www.chaletlatrafolee.com\/en\/facilities-and-services\/"]}]},{"@type":"BreadcrumbList","@id":"https:\/\/www.chaletlatrafolee.com\/en\/facilities-and-services\/#breadcrumb","itemListElement":[{"@type":"ListItem","position":1,"name":"Accueil","item":"https:\/\/www.chaletlatrafolee.com\/en\/"},{"@type":"ListItem","position":2,"name":"Facilities and services"}]},{"@type":"WebSite","@id":"https:\/\/www.chaletlatrafolee.com\/en\/#website","url":"https:\/\/www.chaletlatrafolee.com\/en\/","name":"Chalet La Trafol\u00e9e","description":"","potentialAction":[{"@type":"SearchAction","target":{"@type":"EntryPoint","urlTemplate":"https:\/\/www.chaletlatrafolee.com\/en\/?s={search_term_string}"},"query-input":{"@type":"PropertyValueSpecification","valueRequired":true,"valueName":"search_term_string"}}],"inLanguage":"en-US"}]}},"acf":[],"_links":{"self":[{"href":"https:\/\/www.chaletlatrafolee.com\/en\/wp-json\/wp\/v2\/pages\/225","targetHints":{"allow":["GET"]}}],"collection":[{"href":"https:\/\/www.chaletlatrafolee.com\/en\/wp-json\/wp\/v2\/pages"}],"about":[{"href":"https:\/\/www.chaletlatrafolee.com\/en\/wp-json\/wp\/v2\/types\/page"}],"author":[{"embeddable":true,"href":"https:\/\/www.chaletlatrafolee.com\/en\/wp-json\/wp\/v2\/users\/27"}],"replies":[{"embeddable":true,"href":"https:\/\/www.chaletlatrafolee.com\/en\/wp-json\/wp\/v2\/comments?post=225"}],"version-history":[{"count":0,"href":"https:\/\/www.chaletlatrafolee.com\/en\/wp-json\/wp\/v2\/pages\/225\/revisions"}],"wp:attachment":[{"href":"https:\/\/www.chaletlatrafolee.com\/en\/wp-json\/wp\/v2\/media?parent=225"}],"curies":[{"name":"wp","href":"https:\/\/api.w.org\/{rel}","templated":true}]}}