{"id":202,"date":"2023-11-16T09:46:22","date_gmt":"2023-11-16T08:46:22","guid":{"rendered":"https:\/\/www.chaletlatrafolee.com\/chalet-la-trafolee\/"},"modified":"2024-08-09T14:51:40","modified_gmt":"2024-08-09T12:51:40","slug":"chalet-la-trafolee","status":"publish","type":"page","link":"https:\/\/www.chaletlatrafolee.com\/en\/","title":{"rendered":"Chalet La Trafol\u00e9e"},"content":{"rendered":"<p>Chalet La Trafol\u00e9e, located at an altitude of<strong> 1500m in Manigod in the Aravis mountains<\/strong>, is a <strong>4-star<\/strong>, self-contained chalet for 8 adults. This authentic, comfortable chalet is available <strong>to rent by the week in its entirety. <\/strong><\/p>\n<p style=\"text-align: left\">Ideal for an active vacation or to recharge your batteries, enjoy this unique location with its incredible views of the Etale and Charvin mountains, whether as a couple, a family or with friends.<\/p>\n<p style=\"text-align: left\">In winter, you&#8217;re on the slopes of Manigod and La Clusaz. Ski, snowboard or snowshoe straight from the chalet, or go cross-country skiing 3.5km away on the magnificent Plateau de Beauregard.<\/p>\n<p style=\"text-align: left\">In summer, you&#8217;re<strong> in the heart of the mountain pastures<\/strong>, lulled by the tinkling bells of the family&#8217;s Abondance cows. They graze peacefully, resting and waiting to give milk for the farm&#8217;s reblochon cheese. Embark on a trail ride, hike, or mountain bike journey either directly from the chalet or towards the nearby mountains of Manigod, La Clusaz, or Le Grand Bornand.<br \/>\nAfter the effort, enjoy the supervised swimming pool at the Merdassier resort, just 200m from the chalet, open in July and August.<\/p>\n<p style=\"text-align: left\">The chalet is isolated in winter, but you&#8217;re only 80m from a ski lift, and 200m from the heart of the Manigod resort (Merdassier side), where restaurants, a supermarket, a bakery and an ATM await you.<\/p>\n<p style=\"text-align: left\">A 20-year renovation of this family-run alpine chalet has just come to an end, so discover<strong> this ancestral place<\/strong> with its cosy interior, which awaits its first guests from January 2024.<\/p>\n<p style=\"text-align: left\">We look forward to seeing you soon !<\/p>\n<p style=\"text-align: left\">Jean-Yves and Emmanuelle<\/p>\n","protected":false},"excerpt":{"rendered":"<p>Chalet La Trafol\u00e9e, located at an altitude of 1500m in Manigod in the Aravis mountains, is a 4-star, self-contained chalet for 8 adults. This authentic, comfortable chalet is available to rent by the week in its entirety. Ideal for an active vacation or to recharge your batteries, enjoy this unique location with its incredible views [&hellip;]<\/p>\n","protected":false},"author":15,"featured_media":0,"parent":0,"menu_order":0,"comment_status":"closed","ping_status":"closed","template":"","meta":{"footnotes":""},"class_list":["post-202","page","type-page","status-publish","hentry"],"yoast_head":"<!-- This site is optimized with the Yoast SEO plugin v27.3 - https:\/\/yoast.com\/product\/yoast-seo-wordpress\/ -->\n<title>Chalet La Trafol\u00e9e for rent: detached chalet on the Manigod La Clusaz ski slopes<\/title>\n<meta name=\"description\" content=\"Chalet La Trafol\u00e9e, situ\u00e9 \u00e0 1500m \u00e0 Manigod dans les Aravis : chalet ind\u00e9pendant 4 \u00e9toiles, pouvant accueillir 8 adultes. Chalet \u00e0 louer \u00e0 la semaine : l&#039;hiver partez skis aux pieds, l&#039;\u00e9t\u00e9 vous \u00eates au milieu des alpages.\" \/>\n<meta name=\"robots\" content=\"index, follow, max-snippet:-1, max-image-preview:large, max-video-preview:-1\" \/>\n<link rel=\"canonical\" href=\"https:\/\/www.chaletlatrafolee.com\/en\/\" \/>\n<meta property=\"og:locale\" content=\"en_US\" \/>\n<meta property=\"og:type\" content=\"article\" \/>\n<meta property=\"og:title\" content=\"Chalet La Trafol\u00e9e for rent: detached chalet on the Manigod La Clusaz ski slopes\" \/>\n<meta property=\"og:description\" content=\"Chalet La Trafol\u00e9e, situ\u00e9 \u00e0 1500m \u00e0 Manigod dans les Aravis : chalet ind\u00e9pendant 4 \u00e9toiles, pouvant accueillir 8 adultes. Chalet \u00e0 louer \u00e0 la semaine : l&#039;hiver partez skis aux pieds, l&#039;\u00e9t\u00e9 vous \u00eates au milieu des alpages.\" \/>\n<meta property=\"og:url\" content=\"https:\/\/www.chaletlatrafolee.com\/en\/\" \/>\n<meta property=\"og:site_name\" content=\"Chalet La Trafol\u00e9e\" \/>\n<meta property=\"article:modified_time\" content=\"2024-08-09T12:51:40+00:00\" \/>\n<meta name=\"twitter:card\" content=\"summary_large_image\" \/>\n<meta name=\"twitter:label1\" content=\"Est. reading time\" \/>\n\t<meta name=\"twitter:data1\" content=\"2 minutes\" \/>\n<script type=\"application\/ld+json\" class=\"yoast-schema-graph\">{\"@context\":\"https:\\\/\\\/schema.org\",\"@graph\":[{\"@type\":\"WebPage\",\"@id\":\"https:\\\/\\\/www.chaletlatrafolee.com\\\/en\\\/\",\"url\":\"https:\\\/\\\/www.chaletlatrafolee.com\\\/en\\\/\",\"name\":\"Chalet La Trafol\u00e9e for rent: detached chalet on the Manigod La Clusaz ski slopes\",\"isPartOf\":{\"@id\":\"https:\\\/\\\/www.chaletlatrafolee.com\\\/en\\\/#website\"},\"datePublished\":\"2023-11-16T08:46:22+00:00\",\"dateModified\":\"2024-08-09T12:51:40+00:00\",\"description\":\"Chalet La Trafol\u00e9e, situ\u00e9 \u00e0 1500m \u00e0 Manigod dans les Aravis : chalet ind\u00e9pendant 4 \u00e9toiles, pouvant accueillir 8 adultes. Chalet \u00e0 louer \u00e0 la semaine : l'hiver partez skis aux pieds, l'\u00e9t\u00e9 vous \u00eates au milieu des alpages.\",\"breadcrumb\":{\"@id\":\"https:\\\/\\\/www.chaletlatrafolee.com\\\/en\\\/#breadcrumb\"},\"inLanguage\":\"en-US\",\"potentialAction\":[{\"@type\":\"ReadAction\",\"target\":[\"https:\\\/\\\/www.chaletlatrafolee.com\\\/en\\\/\"]}]},{\"@type\":\"BreadcrumbList\",\"@id\":\"https:\\\/\\\/www.chaletlatrafolee.com\\\/en\\\/#breadcrumb\",\"itemListElement\":[{\"@type\":\"ListItem\",\"position\":1,\"name\":\"Accueil\",\"item\":\"https:\\\/\\\/www.chaletlatrafolee.com\\\/en\\\/\"},{\"@type\":\"ListItem\",\"position\":2,\"name\":\"Chalet La Trafol\u00e9e\"}]},{\"@type\":\"WebSite\",\"@id\":\"https:\\\/\\\/www.chaletlatrafolee.com\\\/en\\\/#website\",\"url\":\"https:\\\/\\\/www.chaletlatrafolee.com\\\/en\\\/\",\"name\":\"Chalet La Trafol\u00e9e\",\"description\":\"\",\"potentialAction\":[{\"@type\":\"SearchAction\",\"target\":{\"@type\":\"EntryPoint\",\"urlTemplate\":\"https:\\\/\\\/www.chaletlatrafolee.com\\\/en\\\/?s={search_term_string}\"},\"query-input\":{\"@type\":\"PropertyValueSpecification\",\"valueRequired\":true,\"valueName\":\"search_term_string\"}}],\"inLanguage\":\"en-US\"}]}<\/script>\n<!-- \/ Yoast SEO plugin. -->","yoast_head_json":{"title":"Chalet La Trafol\u00e9e for rent: detached chalet on the Manigod La Clusaz ski slopes","description":"Chalet La Trafol\u00e9e, situ\u00e9 \u00e0 1500m \u00e0 Manigod dans les Aravis : chalet ind\u00e9pendant 4 \u00e9toiles, pouvant accueillir 8 adultes. Chalet \u00e0 louer \u00e0 la semaine : l'hiver partez skis aux pieds, l'\u00e9t\u00e9 vous \u00eates au milieu des alpages.","robots":{"index":"index","follow":"follow","max-snippet":"max-snippet:-1","max-image-preview":"max-image-preview:large","max-video-preview":"max-video-preview:-1"},"canonical":"https:\/\/www.chaletlatrafolee.com\/en\/","og_locale":"en_US","og_type":"article","og_title":"Chalet La Trafol\u00e9e for rent: detached chalet on the Manigod La Clusaz ski slopes","og_description":"Chalet La Trafol\u00e9e, situ\u00e9 \u00e0 1500m \u00e0 Manigod dans les Aravis : chalet ind\u00e9pendant 4 \u00e9toiles, pouvant accueillir 8 adultes. Chalet \u00e0 louer \u00e0 la semaine : l'hiver partez skis aux pieds, l'\u00e9t\u00e9 vous \u00eates au milieu des alpages.","og_url":"https:\/\/www.chaletlatrafolee.com\/en\/","og_site_name":"Chalet La Trafol\u00e9e","article_modified_time":"2024-08-09T12:51:40+00:00","twitter_card":"summary_large_image","twitter_misc":{"Est. reading time":"2 minutes"},"schema":{"@context":"https:\/\/schema.org","@graph":[{"@type":"WebPage","@id":"https:\/\/www.chaletlatrafolee.com\/en\/","url":"https:\/\/www.chaletlatrafolee.com\/en\/","name":"Chalet La Trafol\u00e9e for rent: detached chalet on the Manigod La Clusaz ski slopes","isPartOf":{"@id":"https:\/\/www.chaletlatrafolee.com\/en\/#website"},"datePublished":"2023-11-16T08:46:22+00:00","dateModified":"2024-08-09T12:51:40+00:00","description":"Chalet La Trafol\u00e9e, situ\u00e9 \u00e0 1500m \u00e0 Manigod dans les Aravis : chalet ind\u00e9pendant 4 \u00e9toiles, pouvant accueillir 8 adultes. Chalet \u00e0 louer \u00e0 la semaine : l'hiver partez skis aux pieds, l'\u00e9t\u00e9 vous \u00eates au milieu des alpages.","breadcrumb":{"@id":"https:\/\/www.chaletlatrafolee.com\/en\/#breadcrumb"},"inLanguage":"en-US","potentialAction":[{"@type":"ReadAction","target":["https:\/\/www.chaletlatrafolee.com\/en\/"]}]},{"@type":"BreadcrumbList","@id":"https:\/\/www.chaletlatrafolee.com\/en\/#breadcrumb","itemListElement":[{"@type":"ListItem","position":1,"name":"Accueil","item":"https:\/\/www.chaletlatrafolee.com\/en\/"},{"@type":"ListItem","position":2,"name":"Chalet La Trafol\u00e9e"}]},{"@type":"WebSite","@id":"https:\/\/www.chaletlatrafolee.com\/en\/#website","url":"https:\/\/www.chaletlatrafolee.com\/en\/","name":"Chalet La Trafol\u00e9e","description":"","potentialAction":[{"@type":"SearchAction","target":{"@type":"EntryPoint","urlTemplate":"https:\/\/www.chaletlatrafolee.com\/en\/?s={search_term_string}"},"query-input":{"@type":"PropertyValueSpecification","valueRequired":true,"valueName":"search_term_string"}}],"inLanguage":"en-US"}]}},"acf":[],"_links":{"self":[{"href":"https:\/\/www.chaletlatrafolee.com\/en\/wp-json\/wp\/v2\/pages\/202","targetHints":{"allow":["GET"]}}],"collection":[{"href":"https:\/\/www.chaletlatrafolee.com\/en\/wp-json\/wp\/v2\/pages"}],"about":[{"href":"https:\/\/www.chaletlatrafolee.com\/en\/wp-json\/wp\/v2\/types\/page"}],"author":[{"embeddable":true,"href":"https:\/\/www.chaletlatrafolee.com\/en\/wp-json\/wp\/v2\/users\/15"}],"replies":[{"embeddable":true,"href":"https:\/\/www.chaletlatrafolee.com\/en\/wp-json\/wp\/v2\/comments?post=202"}],"version-history":[{"count":0,"href":"https:\/\/www.chaletlatrafolee.com\/en\/wp-json\/wp\/v2\/pages\/202\/revisions"}],"wp:attachment":[{"href":"https:\/\/www.chaletlatrafolee.com\/en\/wp-json\/wp\/v2\/media?parent=202"}],"curies":[{"name":"wp","href":"https:\/\/api.w.org\/{rel}","templated":true}]}}